{"id":135,"date":"2015-09-10T15:09:08","date_gmt":"2015-09-10T15:09:08","guid":{"rendered":"http:\/\/campoatravesfilm.com\/en\/politica-de-cookies\/"},"modified":"2015-09-15T12:08:08","modified_gmt":"2015-09-15T12:08:08","slug":"politica-de-cookies","status":"publish","type":"page","link":"https:\/\/campoatravesfilm.com\/en\/politica-de-cookies\/","title":{"rendered":"Pol\u00edtica de Cookies"},"content":{"rendered":"<p>Esta web utiliza cookies.<\/p>\n<p>Una cookie (o galleta inform\u00e1tica) es una peque\u00f1a informaci\u00f3n enviada por un sitio web y almacenada en el navegador del usuario, de manera que el sitio web puede consultar la actividad previa del usuario.<\/p>\n<p>Sus principales funciones son:<\/p>\n<ul>\n<li>Llevar el control de usuarios: cuando un usuario introduce su nombre de usuario y contrase\u00f1a, se almacena una cookie para que no tenga que estar introduci\u00e9ndolas para cada p\u00e1gina del servidor. Sin embargo, una cookie no identifica solo a una persona, sino a una combinaci\u00f3n de computador-navegador-usuario.<\/li>\n<li>Conseguir informaci\u00f3n sobre los h\u00e1bitos de navegaci\u00f3n del usuario, entre otras.<\/li>\n<\/ul>\n<p>Cookies de sistema.<\/p>\n<table class=\"twelve\">\n<thead>\n<tr>\n<th>Tipo de Cookie<\/th>\n<th>Empresa<\/th>\n<th>Finalidad<\/th>\n<th>Informaci\u00f3n<\/th>\n<\/tr>\n<\/thead>\n<tbody>\n<tr>\n<td>__atuvc<br \/>\nwordpress_3d5b8cb2c61ef22044e5ab2db7060a73<br \/>\nwordpress_3d5b8cb2c61ef22044e5ab2db7060a73<br \/>\nwordpress_logged_in_3d5b8cb2c61ef22044e5ab2db7060a73<br \/>\nwp-settings-1<br \/>\nwp-settings-time-1<br \/>\nNID<br \/>\nguest_id<br \/>\npid<\/td>\n<td><\/td>\n<td>Identificador de sesi\u00f3n.<\/td>\n<td><\/td>\n<\/tr>\n<tr>\n<td>\u00a0_icl_current_language<\/td>\n<td><\/td>\n<td>\u00a0Registra de forma an\u00f3nima el idioma elegido por el usuario.<\/td>\n<td><\/td>\n<\/tr>\n<\/tbody>\n<\/table>\n<p>&nbsp;<\/p>\n<p><b>Cookies de Terceros:<\/b><\/p>\n<table class=\"twelve\">\n<thead>\n<tr>\n<th>Tipo de Cookie<\/th>\n<th>Empresa<\/th>\n<th>Finalidad<\/th>\n<th>Informaci\u00f3n<\/th>\n<\/tr>\n<\/thead>\n<tbody>\n<tr>\n<td>_utma, _utmb, _utmc, _utmz<\/td>\n<td>Google<\/td>\n<td>Navegaci\u00f3n de forma an\u00f3nima que permite saber qu\u00e9 se consulta y c\u00f3mo se navega<\/td>\n<td>http:\/\/www.google.es\/intl\/es\/analytics\/privacyoverview.html<\/td>\n<\/tr>\n<\/tbody>\n<\/table>\n<p>&nbsp;<\/p>\n<p><b>Cookies insertadas por otros canales:<\/b><\/p>\n<table class=\"twelve\">\n<thead>\n<tr>\n<th>Tipo de Cookie<\/th>\n<th>Empresa<\/th>\n<th>Finalidad<\/th>\n<th>Informaci\u00f3n<\/th>\n<\/tr>\n<\/thead>\n<tbody>\n<tr>\n<td><\/td>\n<td>Twitter<\/td>\n<td>Visitante<\/td>\n<td>https:\/\/twitter.com\/privacy<\/td>\n<\/tr>\n<tr>\n<td><\/td>\n<td>Facebook<\/td>\n<td>Visitante<\/td>\n<td>https:\/\/www.facebook.com\/help\/cookies<\/td>\n<\/tr>\n<tr>\n<td><\/td>\n<td>Instagram<\/td>\n<td>Visitante<\/td>\n<td>http:\/\/instagram.com\/about\/legal\/privacy\/<\/td>\n<\/tr>\n<\/tbody>\n<\/table>\n<p>&nbsp;<\/p>\n<p>Gestionar cookies<\/p>\n<p>Puede usted permitir, bloquear o eliminar las cookies instaladas en su equipo mediante la configuraci\u00f3n de las opciones del navegador instalado en su ordenador.<\/p>\n<p>Si no est\u00e1 seguro sobre qu\u00e9 tipo y versi\u00f3n de navegador usa para acceder a internet:<\/p>\n<p>Para Windows: click en &#8216;Ayuda&#8217; en la parte superior de la ventana de su navegador y seleccione la opci\u00f3n &#8216;Acerca de&#8217;.<\/p>\n<p>Para Mac: con la venta del navegador abierta, click en el menu de Apple y seleccione la opci\u00f3n &#8216;Acerca de&#8230;&#8217;.<\/p>\n<p>C\u00f3mo gestionar las cookies en Windows<\/p>\n<p>Google Chrome<\/p>\n<ol>\n<li>Haz clic en el men\u00fa de Chrome Chrome situado en la barra de herramientas del navegador.<\/li>\n<li>Selecciona <span class=\"T1\">&#8220;Configuraci\u00f3n&#8221;<\/span>.<\/li>\n<li>Haz clic en <span class=\"T1\">&#8220;Mostrar opciones avanzadas&#8230;&#8221;<\/span><\/li>\n<li>En la secci\u00f3n <span class=\"T1\">&#8220;Privacidad&#8221;<\/span>, haz clic en el bot\u00f3n <span class=\"T1\">&#8220;Configuraci\u00f3n de contenido&#8230;&#8221;<\/span>.<\/li>\n<li>En la secci\u00f3n <span class=\"T1\">&#8220;Cookies&#8221;<\/span>, puedes configurar las opciones que se indican a continuaci\u00f3n: Eliminar cookies, bloquear o permitir las cookies de forma predeterminada, incluir excepciones de cookies de dominios o sitios web espec\u00edficos.<\/li>\n<li><span class=\"T2\">Para mayor detalle consulta la <\/span><a href=\"https:\/\/support.google.com\/chrome\/answer\/95647?hl=es\">ayuda de Google Chrome<\/a><span class=\"T2\">.<\/span><\/li>\n<\/ol>\n<p class=\"P11\">Microsoft Internet Explorer 7.0 y 8.0<\/p>\n<ol>\n<li>Haga clic en el bot\u00f3n <span class=\"T1\">&#8220;Herramientas&#8221;<\/span> y despu\u00e9s en <span class=\"T1\">&#8220;Opciones de Internet&#8221;<\/span>.<\/li>\n<li>Haga clic en la ficha <span class=\"T1\">&#8220;Privacidad&#8221;<\/span> y, a continuaci\u00f3n, mueva el control deslizante a una posici\u00f3n intermedia entre los extremos superior e inferior, de manera que no se bloqueen ni permitan todas las cookies.<\/li>\n<li>Haga clic en <span class=\"T1\">&#8220;Sitios&#8221;<\/span>.<\/li>\n<li>En el cuadro <span class=\"T1\">&#8220;Direcci\u00f3n del sitio web&#8221;<\/span>, escriba la direcci\u00f3n de un sitio web y, despu\u00e9s, haga clic en <span class=\"T1\">&#8220;Bloquear&#8221;<\/span> o <span class=\"T1\">&#8220;Permitir&#8221;<\/span>.<\/li>\n<li>Mientras escriba, ir\u00e1 apareciendo una lista de las p\u00e1ginas web que ya haya visitado. Si hace clic en un elemento de la lista, se mostrar\u00e1 en el cuadro Direcci\u00f3n del sitio web.<\/li>\n<li>Al finalizar, haga clic en <span class=\"T1\">&#8220;Aceptar&#8221;<\/span>.<\/li>\n<li>Vuelva a colocar el control deslizante en su posici\u00f3n original y haga clic en <span class=\"T1\">&#8220;Aceptar&#8221;<\/span>.<\/li>\n<li><span class=\"T2\">Puedes consultar la <\/span><a href=\"http:\/\/windows.microsoft.com\/es-419\/windows-vista\/block-or-allow-cookies\">ayuda de Windows<\/a><span class=\"T2\"> para m\u00e1s informaci\u00f3n<\/span><\/li>\n<\/ol>\n<p class=\"P11\">Mozilla Firefox<\/p>\n<ol>\n<li>En la parte superior de la ventana de Firefox, haz clic en el bot\u00f3n Firefox y selecciona <span class=\"T1\">&#8220;Opciones&#8221;<\/span>.<\/li>\n<li>Selecciona el panel <span class=\"T1\">&#8220;Privacidad&#8221;<\/span>.<\/li>\n<li>En <span class=\"T1\">&#8220;Firefox podr\u00e1:&#8221;<\/span> elige <span class=\"T1\">&#8220;Usar una configuraci\u00f3n personalizada para el historial&#8221;<\/span>.<\/li>\n<li>Marca la opci\u00f3n <span class=\"T1\">&#8220;Aceptar cookies&#8221;<\/span> para activarlas, y desm\u00e1rcala para desactivarlas.<\/li>\n<li>5.Si no quieres recibir cookies de teceros desmarca <span class=\"T1\">&#8220;Aceptar cookies de terceros&#8221;<\/span>.<\/li>\n<li><span class=\"T2\">Puedes consultar la <\/span><a href=\"http:\/\/support.mozilla.org\/es\/kb\/habilitar-y-deshabilitar-cookies-que-los-sitios-we\">ayuda de Mozilla<\/a><span class=\"T2\"> para m\u00e1s informaci\u00f3n<\/span><\/li>\n<\/ol>\n<p class=\"P11\">Safari<\/p>\n<ol>\n<li>Haga clic en <span class=\"T1\">&#8220;Safari&#8221;<\/span> en la parte superior de la ventana de su navegador y seleccione la opci\u00f3n <span class=\"T1\">&#8216;Preferencias&#8217;<\/span>.<\/li>\n<li>Haga clic en <span class=\"T1\">&#8220;Privacidad&#8221;<\/span>.<\/li>\n<li>En el apartado <span class=\"T1\">&#8220;Bloquear cookies&#8221;<\/span> seleccione una de las siguientes opciones seg\u00fan le interese: <span class=\"T1\">&#8220;De <\/span><span class=\"T1\">publicidad y terceros&#8221;<\/span>, <span class=\"T1\">&#8220;Siempre&#8221;<\/span>, o <span class=\"T1\">&#8220;Nunca&#8221;<\/span>.<\/li>\n<\/ol>\n<p class=\"P10\">Opera<\/p>\n<ol>\n<li>Haga clic en <span class=\"T1\">&#8220;Configuraci\u00f3n&#8221;<\/span> en la parte superior de la ventana del navegador y selecciona <span class=\"T1\">&#8216;Opciones&#8217;<\/span>.<\/li>\n<li>A continuaci\u00f3n seleccione la pesta\u00f1a <span class=\"T1\">&#8220;Avanzado&#8221;<\/span> y en la lista de la izquierda seleccionar <span class=\"T1\">&#8220;Cookies&#8221;<\/span>.<\/li>\n<li>A continuaci\u00f3n, seleccione <span class=\"T1\">&#8220;Aceptar cookies&#8221;<\/span>.<\/li>\n<li>Dispone de tres opciones seg\u00fan su preferencia: <span class=\"T1\">&#8220;Aceptar cookies<\/span><\/li>\n<\/ol>\n","protected":false},"excerpt":{"rendered":"Esta web utiliza cookies. Una cookie (o galleta inform\u00e1tica) es una peque\u00f1a informaci\u00f3n enviada por un sitio web y almacenada en el navegador del usuario, de manera que el sitio web puede consultar la actividad previa del usuario. Sus principales funciones son: Llevar el control de usuarios: cuando un usuario introduce su nombre de usuario&#8230; <a class=\"view-article\" href=\"https:\/\/campoatravesfilm.com\/en\/politica-de-cookies\/\">View Article<\/a>","protected":false},"author":3,"featured_media":0,"parent":0,"menu_order":0,"comment_status":"closed","ping_status":"closed","template":"","meta":{"_monsterinsights_skip_tracking":false,"_monsterinsights_sitenote_active":false,"_monsterinsights_sitenote_note":"","_monsterinsights_sitenote_category":0},"yoast_head":"<!-- This site is optimized with the Yoast SEO plugin v16.7 - https:\/\/yoast.com\/wordpress\/plugins\/seo\/ -->\n<meta name=\"robots\" content=\"index, follow, max-snippet:-1, max-image-preview:large, max-video-preview:-1\" \/>\n<link rel=\"canonical\" href=\"http:\/\/campoatravesfilm.com\/en\/politica-de-cookies\/\" \/>\n<meta property=\"og:locale\" content=\"en_US\" \/>\n<meta property=\"og:type\" content=\"article\" \/>\n<meta property=\"og:title\" content=\"Pol\u00edtica de Cookies - Campo a trav\u00e9s film\" \/>\n<meta property=\"og:description\" content=\"Esta web utiliza cookies. Una cookie (o galleta inform\u00e1tica) es una peque\u00f1a informaci\u00f3n enviada por un sitio web y almacenada en el navegador del usuario, de manera que el sitio web puede consultar la actividad previa del usuario. Sus principales funciones son: Llevar el control de usuarios: cuando un usuario introduce su nombre de usuario... View Article\" \/>\n<meta property=\"og:url\" content=\"http:\/\/campoatravesfilm.com\/en\/politica-de-cookies\/\" \/>\n<meta property=\"og:site_name\" content=\"Campo a trav\u00e9s film\" \/>\n<meta property=\"article:modified_time\" content=\"2015-09-15T12:08:08+00:00\" \/>\n<meta name=\"twitter:label1\" content=\"Est. reading time\" \/>\n\t<meta name=\"twitter:data1\" content=\"4 minutes\" \/>\n<script type=\"application\/ld+json\" class=\"yoast-schema-graph\">{\"@context\":\"https:\/\/schema.org\",\"@graph\":[{\"@type\":\"WebSite\",\"@id\":\"http:\/\/campoatravesfilm.com\/#website\",\"url\":\"http:\/\/campoatravesfilm.com\/\",\"name\":\"Campo a trav\\u00e9s film\",\"description\":\"\",\"potentialAction\":[{\"@type\":\"SearchAction\",\"target\":{\"@type\":\"EntryPoint\",\"urlTemplate\":\"http:\/\/campoatravesfilm.com\/?s={search_term_string}\"},\"query-input\":\"required name=search_term_string\"}],\"inLanguage\":\"en-US\"},{\"@type\":\"WebPage\",\"@id\":\"http:\/\/campoatravesfilm.com\/en\/politica-de-cookies\/#webpage\",\"url\":\"http:\/\/campoatravesfilm.com\/en\/politica-de-cookies\/\",\"name\":\"Pol\\u00edtica de Cookies - Campo a trav\\u00e9s film\",\"isPartOf\":{\"@id\":\"http:\/\/campoatravesfilm.com\/#website\"},\"datePublished\":\"2015-09-10T15:09:08+00:00\",\"dateModified\":\"2015-09-15T12:08:08+00:00\",\"breadcrumb\":{\"@id\":\"http:\/\/campoatravesfilm.com\/en\/politica-de-cookies\/#breadcrumb\"},\"inLanguage\":\"en-US\",\"potentialAction\":[{\"@type\":\"ReadAction\",\"target\":[\"http:\/\/campoatravesfilm.com\/en\/politica-de-cookies\/\"]}]},{\"@type\":\"BreadcrumbList\",\"@id\":\"http:\/\/campoatravesfilm.com\/en\/politica-de-cookies\/#breadcrumb\",\"itemListElement\":[{\"@type\":\"ListItem\",\"position\":1,\"name\":\"Portada\",\"item\":\"http:\/\/campoatravesfilm.com\/en\/\"},{\"@type\":\"ListItem\",\"position\":2,\"name\":\"Pol\\u00edtica de Cookies\"}]}]}<\/script>\n<!-- \/ Yoast SEO plugin. -->","yoast_head_json":{"robots":{"index":"index","follow":"follow","max-snippet":"max-snippet:-1","max-image-preview":"max-image-preview:large","max-video-preview":"max-video-preview:-1"},"canonical":"http:\/\/campoatravesfilm.com\/en\/politica-de-cookies\/","og_locale":"en_US","og_type":"article","og_title":"Pol\u00edtica de Cookies - Campo a trav\u00e9s film","og_description":"Esta web utiliza cookies. Una cookie (o galleta inform\u00e1tica) es una peque\u00f1a informaci\u00f3n enviada por un sitio web y almacenada en el navegador del usuario, de manera que el sitio web puede consultar la actividad previa del usuario. Sus principales funciones son: Llevar el control de usuarios: cuando un usuario introduce su nombre de usuario... View Article","og_url":"http:\/\/campoatravesfilm.com\/en\/politica-de-cookies\/","og_site_name":"Campo a trav\u00e9s film","article_modified_time":"2015-09-15T12:08:08+00:00","twitter_misc":{"Est. reading time":"4 minutes"},"schema":{"@context":"https:\/\/schema.org","@graph":[{"@type":"WebSite","@id":"http:\/\/campoatravesfilm.com\/#website","url":"http:\/\/campoatravesfilm.com\/","name":"Campo a trav\u00e9s film","description":"","potentialAction":[{"@type":"SearchAction","target":{"@type":"EntryPoint","urlTemplate":"http:\/\/campoatravesfilm.com\/?s={search_term_string}"},"query-input":"required name=search_term_string"}],"inLanguage":"en-US"},{"@type":"WebPage","@id":"http:\/\/campoatravesfilm.com\/en\/politica-de-cookies\/#webpage","url":"http:\/\/campoatravesfilm.com\/en\/politica-de-cookies\/","name":"Pol\u00edtica de Cookies - Campo a trav\u00e9s film","isPartOf":{"@id":"http:\/\/campoatravesfilm.com\/#website"},"datePublished":"2015-09-10T15:09:08+00:00","dateModified":"2015-09-15T12:08:08+00:00","breadcrumb":{"@id":"http:\/\/campoatravesfilm.com\/en\/politica-de-cookies\/#breadcrumb"},"inLanguage":"en-US","potentialAction":[{"@type":"ReadAction","target":["http:\/\/campoatravesfilm.com\/en\/politica-de-cookies\/"]}]},{"@type":"BreadcrumbList","@id":"http:\/\/campoatravesfilm.com\/en\/politica-de-cookies\/#breadcrumb","itemListElement":[{"@type":"ListItem","position":1,"name":"Portada","item":"http:\/\/campoatravesfilm.com\/en\/"},{"@type":"ListItem","position":2,"name":"Pol\u00edtica de Cookies"}]}]}},"_links":{"self":[{"href":"https:\/\/campoatravesfilm.com\/en\/wp-json\/wp\/v2\/pages\/135"}],"collection":[{"href":"https:\/\/campoatravesfilm.com\/en\/wp-json\/wp\/v2\/pages"}],"about":[{"href":"https:\/\/campoatravesfilm.com\/en\/wp-json\/wp\/v2\/types\/page"}],"author":[{"embeddable":true,"href":"https:\/\/campoatravesfilm.com\/en\/wp-json\/wp\/v2\/users\/3"}],"replies":[{"embeddable":true,"href":"https:\/\/campoatravesfilm.com\/en\/wp-json\/wp\/v2\/comments?post=135"}],"version-history":[{"count":1,"href":"https:\/\/campoatravesfilm.com\/en\/wp-json\/wp\/v2\/pages\/135\/revisions"}],"predecessor-version":[{"id":137,"href":"https:\/\/campoatravesfilm.com\/en\/wp-json\/wp\/v2\/pages\/135\/revisions\/137"}],"wp:attachment":[{"href":"https:\/\/campoatravesfilm.com\/en\/wp-json\/wp\/v2\/media?parent=135"}],"curies":[{"name":"wp","href":"https:\/\/api.w.org\/{rel}","templated":true}]}}