{"id":133,"date":"2015-09-10T15:08:38","date_gmt":"2015-09-10T15:08:38","guid":{"rendered":"http:\/\/campoatravesfilm.com\/en\/aviso-legal\/"},"modified":"2015-09-25T15:25:47","modified_gmt":"2015-09-25T15:25:47","slug":"aviso-legal","status":"publish","type":"page","link":"https:\/\/campoatravesfilm.com\/en\/aviso-legal\/","title":{"rendered":"Aviso Legal"},"content":{"rendered":"<p>CONCEPTO DE USUARIO<\/p>\n<p>La utilizaci\u00f3n de la Web atribuye la condici\u00f3n de Usuario, e implica la aceptaci\u00f3n plena y sin reservas de todas y cada una de las disposiciones incluidas en este Aviso Legal en la versi\u00f3n publicada por CAMPO A TRAV\u00c9S en el mismo momento en que el Usuario acceda a la web. En consecuencia, el Usuario debe leer atentamente el presente Aviso Legal en cada una de las ocasiones en que se proponga utilizar la Web, ya que puede sufrir modificaciones. El uso de este sitio Web implica la aceptaci\u00f3n de estos t\u00e9rminos. Si no est\u00e1 de acuerdo con ellos, le rogamos que no utilice este sitio Web.<\/p>\n<p>LEGISLACI\u00d3N APLICABLE<\/p>\n<p>El presente Acuerdo estar\u00e1 regulado y ser\u00e1 interpretado de acuerdo con la legislaci\u00f3n de Espa\u00f1a, sin dar efecto a ning\u00fan principio que suponga un conflicto con la legislaci\u00f3n vigente. Si cualquier condici\u00f3n de este Acuerdo resulta ser ilegal, nula de pleno derecho, o por cualquier motivo no es aplicable, dicha condici\u00f3n se considerar\u00e1 eliminada de este Acuerdo y no afectar\u00e1 a la validez y aplicaci\u00f3n de las condiciones restantes. \u00c9ste es el Acuerdo \u00edntegro entre las partes en lo que concierne al tema al que hace referencia.<\/p>\n<p>INFORMACI\u00d3N SOBRE LOS LINKS<\/p>\n<p>CAMPO A TRAV\u00c9S no se hace responsable de las webs no propias a las que se puede acceder mediante v\u00ednculos \u201clinks\u201d o de cualquier contenido puesto a disposici\u00f3n por terceros.<br \/>\nCualquier uso de un v\u00ednculo o acceso a una web no propia es realizado por voluntad y riesgo exclusivo del usuario y CAMPO A TRAV\u00c9S no recomienda ni garantiza ninguna informaci\u00f3n obtenida a trav\u00e9s de un v\u00ednculo ajeno a la web de CAMPO A TRAV\u00c9S ni se responsabiliza de ninguna p\u00e9rdida, reclamaci\u00f3n o perjuicio derivada del uso o mal uso de un v\u00ednculo, o de la informaci\u00f3n obtenida a trav\u00e9s de \u00e9l, incluyendo otros v\u00ednculos o webs, de la interrupci\u00f3n en el servicio o en el acceso, o del intento de usar o usar mal un v\u00ednculo, tanto al conectar a la Web de CAMPO A TRAV\u00c9S como al acceder a la informaci\u00f3n de otras webs desde la Web de CAMPO A TRAV\u00c9S<\/p>\n<p>INFORMACI\u00d3N SOBRE LA UTILIZACI\u00d3N DE COOKIES<\/p>\n<p>En esta Web se pueden estar utilizando cookies en algunas p\u00e1ginas. La finalidad de dichas cookies es mejorar el servicio que ofrecen a sus clientes y a nuestros visitantes.<\/p>\n<p>Las cookies son peque\u00f1os ficheros de datos que se generan en el ordenador del usuario y que permiten obtener la siguiente informaci\u00f3n:<\/p>\n<p>* Fecha y hora de la \u00faltima vez que el usuario visito la Web.<br \/>\n* Dise\u00f1o de contenido que el usuario escogi\u00f3 en su primera visita a la web.<br \/>\n* Elementos de seguridad que intervienen en el control de acceso a las \u00e1reas restringidas.<br \/>\nRENUNCIA Y LIMITACI\u00d3N DE LA RESPONSABILIDAD<\/p>\n<p>La informaci\u00f3n y servicios incluidos o disponibles a trav\u00e9s de las p\u00e1ginas web pueden incluir incorrecciones o errores tipogr\u00e1ficos. De forma peri\u00f3dica se incorporan cambios a la informaci\u00f3n contenida. CAMPO A TRAV\u00c9S puede introducir en cualquier momento mejoras y\/o cambios en los servicios o contenidos.<\/p>\n<p>CAMPO A TRAV\u00c9S ha obtenido la informaci\u00f3n y los materiales incluidos en la web de fuentes consideradas como fiables, pero, si bien se han tomado las medidas correspondientes para asegurar que la informaci\u00f3n contenida sea correcta, no garantiza que sea exacta y actualizada.<\/p>\n<p>Al utilizar campoatravesfilm.com, usted acepta no depender de la fiabilidad de la informaci\u00f3n que en ellos se ofrece. Bajo ninguna circunstancia, incluida la negligencia, aunque sin limitarse a \u00e9sta, el CAMPO A TRAV\u00c9S ser\u00e1 considerado responsable de la fiabilidad que usted conceda a esa informaci\u00f3n, como tampoco ser\u00e1 responsable de cualquier perjuicio directo, incidental, especial, derivado, indirecto o punitivo que resulte del uso o de la incapacidad de usar los materiales contenidos en el sitio Web o en cualquier otro sitio vinculado a \u00e9stos mediante enlaces, incluidos los contenidos que se publican en sus p\u00e1ginas, aun cuando el CAMPO A TRAV\u00c9S haya sido advertido de la posibilidad de estos perjuicios.<\/p>\n<p>Tambi\u00e9n se advierte que los contenidos de esta Web tienen finalidades meramente informativas y de entretenimiento.<\/p>\n<p>INFORMACI\u00d3N SOBRE LA EXENCI\u00d3N DE TODA LA RESPONSABILIDAD DERIVADA DE UN FALLO T\u00c9CNICO Y DE CONTENIDO<\/p>\n<p>El sitio Web del CAMPO A TRAV\u00c9S, incorpora las salvaguardas adecuadas, y utiliza la tecnolog\u00eda est\u00e1ndar del sector para mejorar la seguridad, integridad, exhaustividad, exactitud y protecci\u00f3n de los datos personales que tiene recopilados, y ha establecido las precauciones razonables para proteger esa informaci\u00f3n de posibles p\u00e9rdidas o malos usos. Sus normas sobre protecci\u00f3n de datos y seguridad se revisan peri\u00f3dicamente y se mejoran cuando es necesario, y se esfuerza para asegurar que s\u00f3lo las personas autorizadas puedan acceder a la informaci\u00f3n que usted proporciona.<\/p>\n<p>CAMPO A TRAV\u00c9S declina cualquier responsabilidad en caso de que existan interrupciones o un mal funcionamiento de los servicios o contenidos ofrecidos en Internet, cualquiera que sea su causa. Asimismo, CAMPO A TRAV\u00c9S no se hace responsable por ca\u00eddas de la red, p\u00e9rdidas de negocio a consecuencia de dichas ca\u00eddas, suspensiones temporales del fluido el\u00e9ctrico o cualquier otro tipo. CAMPO A TRAV\u00c9S no declara ni garantiza que los servicios o contenidos no sean interrumpidos o que est\u00e9n libres de errores, que los defectos sean corregidos, o que el servicio o el servidor que lo pone a disposici\u00f3n est\u00e9n libres de virus u otros componentes nocivos, sin perjuicio de que CAMPO A TRAV\u00c9S realiza sus mejores esfuerzos en evitar este tipo de incidentes. En caso de que el Usuario tomara determinadas decisiones o realizara acciones con base a la informaci\u00f3n incluida en cualquiera de los websites, se recomienda la comprobaci\u00f3n de la informaci\u00f3n recibida con otras fuentes.<br \/>\nPROPIEDAD INDUSTRIAL E INTELECTUAL<br \/>\nLos contenidos prestados por CAMPO A TRAV\u00c9S as\u00ed como los contenidos vertidos en la red a trav\u00e9s de sus p\u00e1ginas web, constituyen una obra en el sentido de la legislaci\u00f3n sobre propiedad intelectual por lo que se hallan protegidos por las leyes y convenios internacionales aplicables en la materia.<\/p>\n<p>Queda prohibida cualquier forma de reproducci\u00f3n, distribuci\u00f3n, comunicaci\u00f3n p\u00fablica, transformaci\u00f3n, puesta a disposici\u00f3n y, en general, cualquier otro acto de explotaci\u00f3n p\u00fablica referido tanto a las p\u00e1ginas Web como a sus contenidos e informaci\u00f3n, sin el expreso y previo consentimiento y por escrito de CAMPO A TRAV\u00c9S<\/p>\n<p>En consecuencia, todos los contenidos que se muestran en los diferentes websites y en especial, dise\u00f1os, textos, gr\u00e1ficos, logos, iconos, botones, software, nombres comerciales, marcas, dibujos industriales o cualesquiera otros signos susceptibles de utilizaci\u00f3n industrial y comercial est\u00e1n sujetos a derechos de propiedad intelectual e industrial de CAMPO A TRAV\u00c9S o de terceros titulares de los mismos que han autorizado debidamente su inclusi\u00f3n en los diferentes websites.<\/p>\n<p>Los contenidos, im\u00e1genes, formas, opiniones, \u00edndices y dem\u00e1s expresiones formales que formen parte de las p\u00e1ginas Web, as\u00ed como el software necesario para el funcionamiento y visualizaci\u00f3n de las mismas, constituyen asimismo una obra en el sentido del Derecho de Autor y quedan, por lo tanto, protegidas por las convenciones internacionales y legislaciones nacionales en materia de Propiedad intelectual que resulten aplicables. El incumplimiento de lo se\u00f1alado implica la comisi\u00f3n de graves actos il\u00edcitos y su sanci\u00f3n por la legislaci\u00f3n civil y penal.<\/p>\n<p>Queda prohibido todo acto por virtud del cual los Usuarios de los servicios o contenidos puedan explotar o servirse comercialmente, directa o indirectamente, en su totalidad o parcialmente, de cualquiera de los contenidos, im\u00e1genes, formas, \u00edndices y dem\u00e1s expresiones formales que formen parte de las p\u00e1ginas Web sin permiso previo y por escrito de CAMPO A TRAV\u00c9S<\/p>\n<p>En concreto, y sin car\u00e1cter exhaustivo, quedan prohibidos los actos de reproducci\u00f3n, distribuci\u00f3n, exhibici\u00f3n, transmisi\u00f3n, retransmisi\u00f3n, emisi\u00f3n en cualquier forma, almacenamiento en soportes f\u00edsicos o l\u00f3gicos (por ejemplo, disquetes o disco duro de ordenadores), digitalizaci\u00f3n o puesta a disposici\u00f3n desde bases de datos distintas de las pertenecientes a las autorizadas por CAMPO A TRAV\u00c9S, as\u00ed como su traducci\u00f3n, adaptaci\u00f3n, arreglo o cualquier otra transformaci\u00f3n de dichas opiniones, im\u00e1genes, formas, \u00edndices y dem\u00e1s expresiones formales que se pongan a disposici\u00f3n de los Usuarios a trav\u00e9s de los servicios o contenidos, en tanto tales actos est\u00e9n sometidos a la legislaci\u00f3n aplicable en materia de Propiedad intelectual, industrial o de protecci\u00f3n de la imagen.<\/p>\n<p>CAMPO A TRAV\u00c9S es libre de limitar el acceso a las p\u00e1ginas Web, y a los productos y\/o servicios en ella ofrecidos, as\u00ed como la consiguiente publicaci\u00f3n de las opiniones, observaciones, im\u00e1genes o comentarios que los Usuarios puedan hacerle llegar a trav\u00e9s del correo electr\u00f3nico.<\/p>\n<p>CAMPO A TRAV\u00c9S en este sentido, podr\u00e1 establecer, si lo considera oportuno, sin perjuicio de la \u00fanica y exclusiva responsabilidad de los Usuarios, los filtros necesarios a fin de evitar que a trav\u00e9s de sus p\u00e1ginas Web puedan verterse en la red contenidos u opiniones, considerados como racistas, xen\u00f3fobos, discriminatorios, pornogr\u00e1ficos, difamatorios o que, de cualquier modo, fomenten la violencia o la diseminaci\u00f3n de contenidos claramente il\u00edcitos o nocivos.<\/p>\n<p>Aquellos Usuarios que env\u00eden a las p\u00e1ginas Web de CAMPO A TRAV\u00c9S, a su departamento de sugerencias, observaciones, opiniones o comentarios por medio del servicio de correo electr\u00f3nico, salvo que expresen de manera cierta e inconfundible lo contrario, en los casos en los que por la naturaleza de los servicios o contenidos ello sea posible, se entiende que autorizan a CAMPO A TRAV\u00c9S para la reproducci\u00f3n, distribuci\u00f3n, exhibici\u00f3n, transmisi\u00f3n, retransmisi\u00f3n, emisi\u00f3n en cualquier formato, almacenamiento en soportes f\u00edsicos o l\u00f3gicos (por ejemplo, disquetes o disco duro de ordenadores), digitalizaci\u00f3n, puesta a disposici\u00f3n desde bases de datos pertenecientes a CAMPO A TRAV\u00c9S, traducci\u00f3n, adaptaci\u00f3n, arreglo o cualquier otra transformaci\u00f3n de tales observaciones, opiniones o comentarios, por todo el tiempo de protecci\u00f3n de derecho de autor que est\u00e9 previsto legalmente.<\/p>\n<p>Asimismo, se entiende que esta autorizaci\u00f3n se hace a t\u00edtulo gratuito, y que por el solo hecho de enviar por correo electr\u00f3nico tales observaciones, opiniones o comentarios, los Usuarios declinan cualquier pretensi\u00f3n remuneratoria por parte de CAMPO A TRAV\u00c9S<\/p>\n<p>De acuerdo con lo se\u00f1alado en el p\u00e1rrafo anterior, CAMPO A TRAV\u00c9S queda autorizada igualmente para proceder a la modificaci\u00f3n o alteraci\u00f3n de tales observaciones, opiniones o comentarios, a fin de adaptarlos a las necesidades de formato editorial de las p\u00e1ginas Web, sin que por ello pueda entenderse que existe en absoluto cualquier tipo de lesi\u00f3n de cualesquiera de las facultades morales de derecho de autor que los Usuarios pudieran ostentar sobre aqu\u00e9llas.<\/p>\n<p>Quedan prohibidos cualesquiera de los recursos t\u00e9cnicos, l\u00f3gicos o tecnol\u00f3gicos por virtud de los cuales un tercero pueda beneficiarse, directa o indirectamente, con o sin lucro, de todos y cada uno de los contenidos, formas, \u00edndices y dem\u00e1s expresiones formales que formen parte de las p\u00e1ginas Web, o del esfuerzo llevado a cabo por CAMPO A TRAV\u00c9S para su funcionamiento.<\/p>\n<p>En concreto, queda prohibido todo link, hyperlink, framing o v\u00ednculo similar que pueda establecerse en direcci\u00f3n a las p\u00e1ginas Web de CAMPO A TRAV\u00c9S sin el consentimiento previo, expreso y por escrito de CAMPO A TRAV\u00c9S Cualquier trasgresi\u00f3n de lo dispuesto en este punto ser\u00e1 considerada como lesi\u00f3n de los leg\u00edtimos derechos de Propiedad intelectual de CAMPO A TRAV\u00c9S sobre las p\u00e1ginas Web y todos los contenidos de las mismas.<\/p>\n<p>CAMPO A TRAV\u00c9S no asumir\u00e1 responsabilidad alguna ante consecuencias derivadas de las conductas y actuaciones antes citadas, del mismo modo que no asumir\u00e1 responsabilidad alguna por los contenidos, servicios, productos, etc., de terceros a los que se pueda acceder directamente o a trav\u00e9s de banners, enlaces, links, hyperlinks, framing o v\u00ednculos similares desde los websites de CAMPO A TRAV\u00c9S.<\/p>\n<p>La propiedad y gesti\u00f3n de campoatravesfilm.com corresponde al CAMPO A TRAV\u00c9S. Ning\u00fan material de esta Web o de cualquier otro sitio cuya propiedad, gesti\u00f3n, licencia o control corresponda al CAMPO A TRAV\u00c9S puede ser copiado, reproducido, reeditado, cargado o publicado en la red, ni transmitido o distribuido de ninguna forma, exceptuando la descarga de una copia de los materiales en un \u00fanico ordenador para su uso dom\u00e9stico, personal y no comercial, siempre que se mantenga intacta la informaci\u00f3n del copyright y de los derechos de propiedad. La modificaci\u00f3n de los materiales o su uso con cualquier otro fin supone una violaci\u00f3n de los derechos de copyright y de propiedad del CAMPO A TRAV\u00c9S. A efectos de este Acuerdo, queda prohibido el uso de estos materiales en cualquier otro sitio Web y en cualquier otro entorno de ordenadores conectados en red.<\/p>\n","protected":false},"excerpt":{"rendered":"CONCEPTO DE USUARIO La utilizaci\u00f3n de la Web atribuye la condici\u00f3n de Usuario, e implica la aceptaci\u00f3n plena y sin reservas de todas y cada una de las disposiciones incluidas en este Aviso Legal en la versi\u00f3n publicada por CAMPO A TRAV\u00c9S en el mismo momento en que el Usuario acceda a la web. En&#8230; <a class=\"view-article\" href=\"https:\/\/campoatravesfilm.com\/en\/aviso-legal\/\">View Article<\/a>","protected":false},"author":3,"featured_media":0,"parent":0,"menu_order":0,"comment_status":"closed","ping_status":"closed","template":"","meta":{"_monsterinsights_skip_tracking":false,"_monsterinsights_sitenote_active":false,"_monsterinsights_sitenote_note":"","_monsterinsights_sitenote_category":0},"yoast_head":"<!-- This site is optimized with the Yoast SEO plugin v16.7 - https:\/\/yoast.com\/wordpress\/plugins\/seo\/ -->\n<meta name=\"robots\" content=\"index, follow, max-snippet:-1, max-image-preview:large, max-video-preview:-1\" \/>\n<link rel=\"canonical\" href=\"http:\/\/campoatravesfilm.com\/en\/aviso-legal\/\" \/>\n<meta property=\"og:locale\" content=\"en_US\" \/>\n<meta property=\"og:type\" content=\"article\" \/>\n<meta property=\"og:title\" content=\"Aviso Legal - Campo a trav\u00e9s film\" \/>\n<meta property=\"og:description\" content=\"CONCEPTO DE USUARIO La utilizaci\u00f3n de la Web atribuye la condici\u00f3n de Usuario, e implica la aceptaci\u00f3n plena y sin reservas de todas y cada una de las disposiciones incluidas en este Aviso Legal en la versi\u00f3n publicada por CAMPO A TRAV\u00c9S en el mismo momento en que el Usuario acceda a la web. En... View Article\" \/>\n<meta property=\"og:url\" content=\"http:\/\/campoatravesfilm.com\/en\/aviso-legal\/\" \/>\n<meta property=\"og:site_name\" content=\"Campo a trav\u00e9s film\" \/>\n<meta property=\"article:modified_time\" content=\"2015-09-25T15:25:47+00:00\" \/>\n<meta name=\"twitter:label1\" content=\"Est. reading time\" \/>\n\t<meta name=\"twitter:data1\" content=\"11 minutes\" \/>\n<script type=\"application\/ld+json\" class=\"yoast-schema-graph\">{\"@context\":\"https:\/\/schema.org\",\"@graph\":[{\"@type\":\"WebSite\",\"@id\":\"http:\/\/campoatravesfilm.com\/#website\",\"url\":\"http:\/\/campoatravesfilm.com\/\",\"name\":\"Campo a trav\\u00e9s film\",\"description\":\"\",\"potentialAction\":[{\"@type\":\"SearchAction\",\"target\":{\"@type\":\"EntryPoint\",\"urlTemplate\":\"http:\/\/campoatravesfilm.com\/?s={search_term_string}\"},\"query-input\":\"required name=search_term_string\"}],\"inLanguage\":\"en-US\"},{\"@type\":\"WebPage\",\"@id\":\"http:\/\/campoatravesfilm.com\/en\/aviso-legal\/#webpage\",\"url\":\"http:\/\/campoatravesfilm.com\/en\/aviso-legal\/\",\"name\":\"Aviso Legal - Campo a trav\\u00e9s film\",\"isPartOf\":{\"@id\":\"http:\/\/campoatravesfilm.com\/#website\"},\"datePublished\":\"2015-09-10T15:08:38+00:00\",\"dateModified\":\"2015-09-25T15:25:47+00:00\",\"breadcrumb\":{\"@id\":\"http:\/\/campoatravesfilm.com\/en\/aviso-legal\/#breadcrumb\"},\"inLanguage\":\"en-US\",\"potentialAction\":[{\"@type\":\"ReadAction\",\"target\":[\"http:\/\/campoatravesfilm.com\/en\/aviso-legal\/\"]}]},{\"@type\":\"BreadcrumbList\",\"@id\":\"http:\/\/campoatravesfilm.com\/en\/aviso-legal\/#breadcrumb\",\"itemListElement\":[{\"@type\":\"ListItem\",\"position\":1,\"name\":\"Portada\",\"item\":\"http:\/\/campoatravesfilm.com\/en\/\"},{\"@type\":\"ListItem\",\"position\":2,\"name\":\"Aviso Legal\"}]}]}<\/script>\n<!-- \/ Yoast SEO plugin. -->","yoast_head_json":{"robots":{"index":"index","follow":"follow","max-snippet":"max-snippet:-1","max-image-preview":"max-image-preview:large","max-video-preview":"max-video-preview:-1"},"canonical":"http:\/\/campoatravesfilm.com\/en\/aviso-legal\/","og_locale":"en_US","og_type":"article","og_title":"Aviso Legal - Campo a trav\u00e9s film","og_description":"CONCEPTO DE USUARIO La utilizaci\u00f3n de la Web atribuye la condici\u00f3n de Usuario, e implica la aceptaci\u00f3n plena y sin reservas de todas y cada una de las disposiciones incluidas en este Aviso Legal en la versi\u00f3n publicada por CAMPO A TRAV\u00c9S en el mismo momento en que el Usuario acceda a la web. En... View Article","og_url":"http:\/\/campoatravesfilm.com\/en\/aviso-legal\/","og_site_name":"Campo a trav\u00e9s film","article_modified_time":"2015-09-25T15:25:47+00:00","twitter_misc":{"Est. reading time":"11 minutes"},"schema":{"@context":"https:\/\/schema.org","@graph":[{"@type":"WebSite","@id":"http:\/\/campoatravesfilm.com\/#website","url":"http:\/\/campoatravesfilm.com\/","name":"Campo a trav\u00e9s film","description":"","potentialAction":[{"@type":"SearchAction","target":{"@type":"EntryPoint","urlTemplate":"http:\/\/campoatravesfilm.com\/?s={search_term_string}"},"query-input":"required name=search_term_string"}],"inLanguage":"en-US"},{"@type":"WebPage","@id":"http:\/\/campoatravesfilm.com\/en\/aviso-legal\/#webpage","url":"http:\/\/campoatravesfilm.com\/en\/aviso-legal\/","name":"Aviso Legal - Campo a trav\u00e9s film","isPartOf":{"@id":"http:\/\/campoatravesfilm.com\/#website"},"datePublished":"2015-09-10T15:08:38+00:00","dateModified":"2015-09-25T15:25:47+00:00","breadcrumb":{"@id":"http:\/\/campoatravesfilm.com\/en\/aviso-legal\/#breadcrumb"},"inLanguage":"en-US","potentialAction":[{"@type":"ReadAction","target":["http:\/\/campoatravesfilm.com\/en\/aviso-legal\/"]}]},{"@type":"BreadcrumbList","@id":"http:\/\/campoatravesfilm.com\/en\/aviso-legal\/#breadcrumb","itemListElement":[{"@type":"ListItem","position":1,"name":"Portada","item":"http:\/\/campoatravesfilm.com\/en\/"},{"@type":"ListItem","position":2,"name":"Aviso Legal"}]}]}},"_links":{"self":[{"href":"https:\/\/campoatravesfilm.com\/en\/wp-json\/wp\/v2\/pages\/133"}],"collection":[{"href":"https:\/\/campoatravesfilm.com\/en\/wp-json\/wp\/v2\/pages"}],"about":[{"href":"https:\/\/campoatravesfilm.com\/en\/wp-json\/wp\/v2\/types\/page"}],"author":[{"embeddable":true,"href":"https:\/\/campoatravesfilm.com\/en\/wp-json\/wp\/v2\/users\/3"}],"replies":[{"embeddable":true,"href":"https:\/\/campoatravesfilm.com\/en\/wp-json\/wp\/v2\/comments?post=133"}],"version-history":[{"count":1,"href":"https:\/\/campoatravesfilm.com\/en\/wp-json\/wp\/v2\/pages\/133\/revisions"}],"predecessor-version":[{"id":181,"href":"https:\/\/campoatravesfilm.com\/en\/wp-json\/wp\/v2\/pages\/133\/revisions\/181"}],"wp:attachment":[{"href":"https:\/\/campoatravesfilm.com\/en\/wp-json\/wp\/v2\/media?parent=133"}],"curies":[{"name":"wp","href":"https:\/\/api.w.org\/{rel}","templated":true}]}}