{"id":132,"date":"2015-09-10T15:08:49","date_gmt":"2015-09-10T15:08:49","guid":{"rendered":"http:\/\/campoatravesfilm.com\/en\/politica-de-privacidad\/"},"modified":"2015-09-25T15:27:05","modified_gmt":"2015-09-25T15:27:05","slug":"politica-de-privacidad","status":"publish","type":"page","link":"https:\/\/campoatravesfilm.com\/en\/politica-de-privacidad\/","title":{"rendered":"Pol\u00edtica de Privacidad"},"content":{"rendered":"<p>En cumplimiento del art\u00edculo 10 de la Ley 34\/2002, de 11 de julio, de Servicios de la Sociedad de la Informaci\u00f3n y Comercio Electr\u00f3nico, a continuaci\u00f3n se exponen los datos identificativos de la empresa.<\/p>\n<p>Denominaci\u00f3n Social: HIRUKUNA S.L. . Nif \/ Cif : B20885067<br \/>\nDomicilio Social: Paseo de Francia, 2- 1\u00ba C20012 Donostia<br \/>\nTel\u00e9fono: 943 327 099<\/p>\n<p>En cumplimiento de lo dispuesto en el art\u00edculo 5 de la ley org\u00e1nica 15\/1999 del 13 de diciembre, de protecci\u00f3n de datos de car\u00e1cter personal (de ahora en adelante &#8220;LOPD&#8221;), HIRUKUNA S.L. le informa que los Datos de car\u00e1cter personal que nos proporcione cuando rellene el\/los Formulario\/s que aparecen en nuestra web se recoger\u00e1n en ficheros, cuyo responsable es HIRUKUNA S.L. que ser\u00e1n tratados con la exclusiva finalidad propia del formulario, as\u00ed como para el env\u00edo de informaci\u00f3n comercial la cual ira identificada como tal. El hecho de rellenar estos formularios implica que el remitente reconoce que la informaci\u00f3n y los datos personales que nos proporciona son suyos, exactos y ciertos. El remitente podr\u00e1 acceder a sus datos, rectificarlos, cancelarlos y oponerse a su tratamiento, en los t\u00e9rminos y condiciones que prev\u00e9 la LOPD, dirigi\u00e9ndose por escrito a nuestro domicilio social.<\/p>\n","protected":false},"excerpt":{"rendered":"En cumplimiento del art\u00edculo 10 de la Ley 34\/2002, de 11 de julio, de Servicios de la Sociedad de la Informaci\u00f3n y Comercio Electr\u00f3nico, a continuaci\u00f3n se exponen los datos identificativos de la empresa. Denominaci\u00f3n Social: HIRUKUNA S.L. . Nif \/ Cif : B20885067 Domicilio Social: Paseo de Francia, 2- 1\u00ba C20012 Donostia Tel\u00e9fono: 943&#8230; <a class=\"view-article\" href=\"https:\/\/campoatravesfilm.com\/en\/politica-de-privacidad\/\">View Article<\/a>","protected":false},"author":3,"featured_media":0,"parent":0,"menu_order":0,"comment_status":"closed","ping_status":"closed","template":"","meta":{"_monsterinsights_skip_tracking":false,"_monsterinsights_sitenote_active":false,"_monsterinsights_sitenote_note":"","_monsterinsights_sitenote_category":0},"yoast_head":"<!-- This site is optimized with the Yoast SEO plugin v16.7 - https:\/\/yoast.com\/wordpress\/plugins\/seo\/ -->\n<meta name=\"robots\" content=\"index, follow, max-snippet:-1, max-image-preview:large, max-video-preview:-1\" \/>\n<link rel=\"canonical\" href=\"http:\/\/campoatravesfilm.com\/en\/politica-de-privacidad\/\" \/>\n<meta property=\"og:locale\" content=\"en_US\" \/>\n<meta property=\"og:type\" content=\"article\" \/>\n<meta property=\"og:title\" content=\"Pol\u00edtica de Privacidad - Campo a trav\u00e9s film\" \/>\n<meta property=\"og:description\" content=\"En cumplimiento del art\u00edculo 10 de la Ley 34\/2002, de 11 de julio, de Servicios de la Sociedad de la Informaci\u00f3n y Comercio Electr\u00f3nico, a continuaci\u00f3n se exponen los datos identificativos de la empresa. Denominaci\u00f3n Social: HIRUKUNA S.L. . Nif \/ Cif : B20885067 Domicilio Social: Paseo de Francia, 2- 1\u00ba C20012 Donostia Tel\u00e9fono: 943... View Article\" \/>\n<meta property=\"og:url\" content=\"http:\/\/campoatravesfilm.com\/en\/politica-de-privacidad\/\" \/>\n<meta property=\"og:site_name\" content=\"Campo a trav\u00e9s film\" \/>\n<meta property=\"article:modified_time\" content=\"2015-09-25T15:27:05+00:00\" \/>\n<meta name=\"twitter:label1\" content=\"Est. reading time\" \/>\n\t<meta name=\"twitter:data1\" content=\"1 minute\" \/>\n<script type=\"application\/ld+json\" class=\"yoast-schema-graph\">{\"@context\":\"https:\/\/schema.org\",\"@graph\":[{\"@type\":\"WebSite\",\"@id\":\"http:\/\/campoatravesfilm.com\/#website\",\"url\":\"http:\/\/campoatravesfilm.com\/\",\"name\":\"Campo a trav\\u00e9s film\",\"description\":\"\",\"potentialAction\":[{\"@type\":\"SearchAction\",\"target\":{\"@type\":\"EntryPoint\",\"urlTemplate\":\"http:\/\/campoatravesfilm.com\/?s={search_term_string}\"},\"query-input\":\"required name=search_term_string\"}],\"inLanguage\":\"en-US\"},{\"@type\":\"WebPage\",\"@id\":\"http:\/\/campoatravesfilm.com\/en\/politica-de-privacidad\/#webpage\",\"url\":\"http:\/\/campoatravesfilm.com\/en\/politica-de-privacidad\/\",\"name\":\"Pol\\u00edtica de Privacidad - Campo a trav\\u00e9s film\",\"isPartOf\":{\"@id\":\"http:\/\/campoatravesfilm.com\/#website\"},\"datePublished\":\"2015-09-10T15:08:49+00:00\",\"dateModified\":\"2015-09-25T15:27:05+00:00\",\"breadcrumb\":{\"@id\":\"http:\/\/campoatravesfilm.com\/en\/politica-de-privacidad\/#breadcrumb\"},\"inLanguage\":\"en-US\",\"potentialAction\":[{\"@type\":\"ReadAction\",\"target\":[\"http:\/\/campoatravesfilm.com\/en\/politica-de-privacidad\/\"]}]},{\"@type\":\"BreadcrumbList\",\"@id\":\"http:\/\/campoatravesfilm.com\/en\/politica-de-privacidad\/#breadcrumb\",\"itemListElement\":[{\"@type\":\"ListItem\",\"position\":1,\"name\":\"Portada\",\"item\":\"https:\/\/campoatravesfilm.com\/en\/\"},{\"@type\":\"ListItem\",\"position\":2,\"name\":\"Pol\\u00edtica de Privacidad\"}]}]}<\/script>\n<!-- \/ Yoast SEO plugin. -->","yoast_head_json":{"robots":{"index":"index","follow":"follow","max-snippet":"max-snippet:-1","max-image-preview":"max-image-preview:large","max-video-preview":"max-video-preview:-1"},"canonical":"http:\/\/campoatravesfilm.com\/en\/politica-de-privacidad\/","og_locale":"en_US","og_type":"article","og_title":"Pol\u00edtica de Privacidad - Campo a trav\u00e9s film","og_description":"En cumplimiento del art\u00edculo 10 de la Ley 34\/2002, de 11 de julio, de Servicios de la Sociedad de la Informaci\u00f3n y Comercio Electr\u00f3nico, a continuaci\u00f3n se exponen los datos identificativos de la empresa. Denominaci\u00f3n Social: HIRUKUNA S.L. . Nif \/ Cif : B20885067 Domicilio Social: Paseo de Francia, 2- 1\u00ba C20012 Donostia Tel\u00e9fono: 943... View Article","og_url":"http:\/\/campoatravesfilm.com\/en\/politica-de-privacidad\/","og_site_name":"Campo a trav\u00e9s film","article_modified_time":"2015-09-25T15:27:05+00:00","twitter_misc":{"Est. reading time":"1 minute"},"schema":{"@context":"https:\/\/schema.org","@graph":[{"@type":"WebSite","@id":"http:\/\/campoatravesfilm.com\/#website","url":"http:\/\/campoatravesfilm.com\/","name":"Campo a trav\u00e9s film","description":"","potentialAction":[{"@type":"SearchAction","target":{"@type":"EntryPoint","urlTemplate":"http:\/\/campoatravesfilm.com\/?s={search_term_string}"},"query-input":"required name=search_term_string"}],"inLanguage":"en-US"},{"@type":"WebPage","@id":"http:\/\/campoatravesfilm.com\/en\/politica-de-privacidad\/#webpage","url":"http:\/\/campoatravesfilm.com\/en\/politica-de-privacidad\/","name":"Pol\u00edtica de Privacidad - Campo a trav\u00e9s film","isPartOf":{"@id":"http:\/\/campoatravesfilm.com\/#website"},"datePublished":"2015-09-10T15:08:49+00:00","dateModified":"2015-09-25T15:27:05+00:00","breadcrumb":{"@id":"http:\/\/campoatravesfilm.com\/en\/politica-de-privacidad\/#breadcrumb"},"inLanguage":"en-US","potentialAction":[{"@type":"ReadAction","target":["http:\/\/campoatravesfilm.com\/en\/politica-de-privacidad\/"]}]},{"@type":"BreadcrumbList","@id":"http:\/\/campoatravesfilm.com\/en\/politica-de-privacidad\/#breadcrumb","itemListElement":[{"@type":"ListItem","position":1,"name":"Portada","item":"https:\/\/campoatravesfilm.com\/en\/"},{"@type":"ListItem","position":2,"name":"Pol\u00edtica de Privacidad"}]}]}},"_links":{"self":[{"href":"https:\/\/campoatravesfilm.com\/en\/wp-json\/wp\/v2\/pages\/132"}],"collection":[{"href":"https:\/\/campoatravesfilm.com\/en\/wp-json\/wp\/v2\/pages"}],"about":[{"href":"https:\/\/campoatravesfilm.com\/en\/wp-json\/wp\/v2\/types\/page"}],"author":[{"embeddable":true,"href":"https:\/\/campoatravesfilm.com\/en\/wp-json\/wp\/v2\/users\/3"}],"replies":[{"embeddable":true,"href":"https:\/\/campoatravesfilm.com\/en\/wp-json\/wp\/v2\/comments?post=132"}],"version-history":[{"count":1,"href":"https:\/\/campoatravesfilm.com\/en\/wp-json\/wp\/v2\/pages\/132\/revisions"}],"predecessor-version":[{"id":183,"href":"https:\/\/campoatravesfilm.com\/en\/wp-json\/wp\/v2\/pages\/132\/revisions\/183"}],"wp:attachment":[{"href":"https:\/\/campoatravesfilm.com\/en\/wp-json\/wp\/v2\/media?parent=132"}],"curies":[{"name":"wp","href":"https:\/\/api.w.org\/{rel}","templated":true}]}}