{"id":123,"date":"2015-09-14T15:14:44","date_gmt":"2015-09-14T15:14:44","guid":{"rendered":"http:\/\/campoatravesfilm.com\/en\/prensa\/"},"modified":"2016-08-01T11:24:01","modified_gmt":"2016-08-01T11:24:01","slug":"press","status":"publish","type":"page","link":"https:\/\/campoatravesfilm.com\/en\/press\/","title":{"rendered":"Press"},"content":{"rendered":"<h2>Press Office<\/h2>\n<p>SURIA COMUNICACI\u00d3N (Sonia Ur\u00eda)<br \/>\nAgust\u00edn Querol, 4 bajo D<br \/>\n28014 Madrid<br \/>\nTel: +34 91 434 21 34 \/ m\u00f3vil: +34 686 639 650<br \/>\n<a href=\"mailto:info@campoatravesfilm.com\">info@campoatravesfilm.com<\/a><\/p>\n<div role=\"form\" class=\"wpcf7\" id=\"wpcf7-f127-o1\" lang=\"en-US\" dir=\"ltr\">\n<div class=\"screen-reader-response\"><p role=\"status\" aria-live=\"polite\" aria-atomic=\"true\"><\/p> <ul><\/ul><\/div>\n<form action=\"\/en\/wp-json\/wp\/v2\/pages\/123#wpcf7-f127-o1\" method=\"post\" class=\"wpcf7-form init\" novalidate=\"novalidate\" data-status=\"init\">\n<div style=\"display: none;\">\n<input type=\"hidden\" name=\"_wpcf7\" value=\"127\" \/>\n<input type=\"hidden\" name=\"_wpcf7_version\" value=\"5.4.2\" \/>\n<input type=\"hidden\" name=\"_wpcf7_locale\" value=\"en_US\" \/>\n<input type=\"hidden\" name=\"_wpcf7_unit_tag\" value=\"wpcf7-f127-o1\" \/>\n<input type=\"hidden\" name=\"_wpcf7_container_post\" value=\"0\" \/>\n<input type=\"hidden\" name=\"_wpcf7_posted_data_hash\" value=\"\" \/>\n<\/div>\n<div class=\"small-12 medium-6 columns\">\n<span class=\"wpcf7-form-control-wrap your-name\"><input type=\"text\" name=\"your-name\" value=\"\" size=\"40\" class=\"wpcf7-form-control wpcf7-text wpcf7-validates-as-required\" aria-required=\"true\" aria-invalid=\"false\" placeholder=\"Name\" \/><\/span><br \/>\n<span class=\"wpcf7-form-control-wrap telefono\"><input type=\"text\" name=\"telefono\" value=\"\" size=\"40\" class=\"wpcf7-form-control wpcf7-text\" aria-invalid=\"false\" placeholder=\"Phone\" \/><\/span>\n<\/div>\n<div class=\"small-12 medium-6 columns\">\n <span class=\"wpcf7-form-control-wrap your-email\"><input type=\"email\" name=\"your-email\" value=\"\" size=\"40\" class=\"wpcf7-form-control wpcf7-text wpcf7-email wpcf7-validates-as-required wpcf7-validates-as-email\" aria-required=\"true\" aria-invalid=\"false\" placeholder=\"E-mail:\" \/><\/span><br \/>\n<span class=\"wpcf7-form-control-wrap pais\"><input type=\"text\" name=\"pais\" value=\"\" size=\"40\" class=\"wpcf7-form-control wpcf7-text\" aria-invalid=\"false\" placeholder=\"Country\" \/><\/span>\n<\/div>\n<div class=\"small-12 columns\">\n<label for=\"message\">Message<\/label><br \/>\n<span class=\"wpcf7-form-control-wrap your-message\"><textarea name=\"your-message\" cols=\"40\" rows=\"10\" class=\"wpcf7-form-control wpcf7-textarea\" aria-invalid=\"false\"><\/textarea><\/span>\n<\/div>\n<div class=\"small-12 columns\">\n<center><\/p>\n<p class=\"mini\">By pressing SEND you agree our Privacy Policy.<\/p>\n<p><input type=\"submit\" value=\"Send\" class=\"wpcf7-form-control wpcf7-submit\" \/><\/p>\n<p><\/center>\n<\/div>\n<div class=\"wpcf7-response-output\" aria-hidden=\"true\"><\/div><\/form><\/div>\n","protected":false},"excerpt":{"rendered":"Press Office SURIA COMUNICACI\u00d3N (Sonia Ur\u00eda) Agust\u00edn Querol, 4 bajo D 28014 Madrid Tel: +34 91 434 21 34 \/ m\u00f3vil: +34 686 639 650 info@campoatravesfilm.com","protected":false},"author":3,"featured_media":0,"parent":0,"menu_order":0,"comment_status":"closed","ping_status":"closed","template":"page-templates\/prensa.php","meta":{"_monsterinsights_skip_tracking":false,"_monsterinsights_sitenote_active":false,"_monsterinsights_sitenote_note":"","_monsterinsights_sitenote_category":0},"yoast_head":"<!-- This site is optimized with the Yoast SEO plugin v16.7 - https:\/\/yoast.com\/wordpress\/plugins\/seo\/ -->\n<meta name=\"robots\" content=\"index, follow, max-snippet:-1, max-image-preview:large, max-video-preview:-1\" \/>\n<link rel=\"canonical\" href=\"http:\/\/campoatravesfilm.com\/en\/press\/\" \/>\n<meta property=\"og:locale\" content=\"en_US\" \/>\n<meta property=\"og:type\" content=\"article\" \/>\n<meta property=\"og:title\" content=\"Press - Campo a trav\u00e9s film\" \/>\n<meta property=\"og:description\" content=\"Press Office SURIA COMUNICACI\u00d3N (Sonia Ur\u00eda) Agust\u00edn Querol, 4 bajo D 28014 Madrid Tel: +34 91 434 21 34 \/ m\u00f3vil: +34 686 639 650 info@campoatravesfilm.com\" \/>\n<meta property=\"og:url\" content=\"http:\/\/campoatravesfilm.com\/en\/press\/\" \/>\n<meta property=\"og:site_name\" content=\"Campo a trav\u00e9s film\" \/>\n<meta property=\"article:modified_time\" content=\"2016-08-01T11:24:01+00:00\" \/>\n<script type=\"application\/ld+json\" class=\"yoast-schema-graph\">{\"@context\":\"https:\/\/schema.org\",\"@graph\":[{\"@type\":\"WebSite\",\"@id\":\"http:\/\/campoatravesfilm.com\/#website\",\"url\":\"http:\/\/campoatravesfilm.com\/\",\"name\":\"Campo a trav\\u00e9s film\",\"description\":\"\",\"potentialAction\":[{\"@type\":\"SearchAction\",\"target\":{\"@type\":\"EntryPoint\",\"urlTemplate\":\"http:\/\/campoatravesfilm.com\/?s={search_term_string}\"},\"query-input\":\"required name=search_term_string\"}],\"inLanguage\":\"en-US\"},{\"@type\":\"WebPage\",\"@id\":\"http:\/\/campoatravesfilm.com\/en\/press\/#webpage\",\"url\":\"http:\/\/campoatravesfilm.com\/en\/press\/\",\"name\":\"Press - Campo a trav\\u00e9s film\",\"isPartOf\":{\"@id\":\"http:\/\/campoatravesfilm.com\/#website\"},\"datePublished\":\"2015-09-14T15:14:44+00:00\",\"dateModified\":\"2016-08-01T11:24:01+00:00\",\"breadcrumb\":{\"@id\":\"http:\/\/campoatravesfilm.com\/en\/press\/#breadcrumb\"},\"inLanguage\":\"en-US\",\"potentialAction\":[{\"@type\":\"ReadAction\",\"target\":[\"http:\/\/campoatravesfilm.com\/en\/press\/\"]}]},{\"@type\":\"BreadcrumbList\",\"@id\":\"http:\/\/campoatravesfilm.com\/en\/press\/#breadcrumb\",\"itemListElement\":[{\"@type\":\"ListItem\",\"position\":1,\"name\":\"Portada\",\"item\":\"http:\/\/campoatravesfilm.com\/en\/\"},{\"@type\":\"ListItem\",\"position\":2,\"name\":\"Press\"}]}]}<\/script>\n<!-- \/ Yoast SEO plugin. -->","yoast_head_json":{"robots":{"index":"index","follow":"follow","max-snippet":"max-snippet:-1","max-image-preview":"max-image-preview:large","max-video-preview":"max-video-preview:-1"},"canonical":"http:\/\/campoatravesfilm.com\/en\/press\/","og_locale":"en_US","og_type":"article","og_title":"Press - Campo a trav\u00e9s film","og_description":"Press Office SURIA COMUNICACI\u00d3N (Sonia Ur\u00eda) Agust\u00edn Querol, 4 bajo D 28014 Madrid Tel: +34 91 434 21 34 \/ m\u00f3vil: +34 686 639 650 info@campoatravesfilm.com","og_url":"http:\/\/campoatravesfilm.com\/en\/press\/","og_site_name":"Campo a trav\u00e9s film","article_modified_time":"2016-08-01T11:24:01+00:00","schema":{"@context":"https:\/\/schema.org","@graph":[{"@type":"WebSite","@id":"http:\/\/campoatravesfilm.com\/#website","url":"http:\/\/campoatravesfilm.com\/","name":"Campo a trav\u00e9s film","description":"","potentialAction":[{"@type":"SearchAction","target":{"@type":"EntryPoint","urlTemplate":"http:\/\/campoatravesfilm.com\/?s={search_term_string}"},"query-input":"required name=search_term_string"}],"inLanguage":"en-US"},{"@type":"WebPage","@id":"http:\/\/campoatravesfilm.com\/en\/press\/#webpage","url":"http:\/\/campoatravesfilm.com\/en\/press\/","name":"Press - Campo a trav\u00e9s film","isPartOf":{"@id":"http:\/\/campoatravesfilm.com\/#website"},"datePublished":"2015-09-14T15:14:44+00:00","dateModified":"2016-08-01T11:24:01+00:00","breadcrumb":{"@id":"http:\/\/campoatravesfilm.com\/en\/press\/#breadcrumb"},"inLanguage":"en-US","potentialAction":[{"@type":"ReadAction","target":["http:\/\/campoatravesfilm.com\/en\/press\/"]}]},{"@type":"BreadcrumbList","@id":"http:\/\/campoatravesfilm.com\/en\/press\/#breadcrumb","itemListElement":[{"@type":"ListItem","position":1,"name":"Portada","item":"http:\/\/campoatravesfilm.com\/en\/"},{"@type":"ListItem","position":2,"name":"Press"}]}]}},"_links":{"self":[{"href":"https:\/\/campoatravesfilm.com\/en\/wp-json\/wp\/v2\/pages\/123"}],"collection":[{"href":"https:\/\/campoatravesfilm.com\/en\/wp-json\/wp\/v2\/pages"}],"about":[{"href":"https:\/\/campoatravesfilm.com\/en\/wp-json\/wp\/v2\/types\/page"}],"author":[{"embeddable":true,"href":"https:\/\/campoatravesfilm.com\/en\/wp-json\/wp\/v2\/users\/3"}],"replies":[{"embeddable":true,"href":"https:\/\/campoatravesfilm.com\/en\/wp-json\/wp\/v2\/comments?post=123"}],"version-history":[{"count":11,"href":"https:\/\/campoatravesfilm.com\/en\/wp-json\/wp\/v2\/pages\/123\/revisions"}],"predecessor-version":[{"id":221,"href":"https:\/\/campoatravesfilm.com\/en\/wp-json\/wp\/v2\/pages\/123\/revisions\/221"}],"wp:attachment":[{"href":"https:\/\/campoatravesfilm.com\/en\/wp-json\/wp\/v2\/media?parent=123"}],"curies":[{"name":"wp","href":"https:\/\/api.w.org\/{rel}","templated":true}]}}